{"id":739,"date":"2017-02-07T13:24:46","date_gmt":"2017-02-07T13:24:46","guid":{"rendered":"http:\/\/dummy.xtemos.com\/basel\/vers\/?page_id=739"},"modified":"2025-06-16T22:38:34","modified_gmt":"2025-06-16T22:38:34","slug":"home-cars","status":"publish","type":"page","link":"https:\/\/casadeoracionmahanaim.com\/","title":{"rendered":"Home cars"},"content":{"rendered":"<div class=\"wpb-content-wrapper\"><p>[vc_row css=&#8221;.vc_custom_1484405682130{margin-top: -40px !important;margin-bottom: 8vh !important;}&#8221;][vc_column][rev_slider_vc alias=&#8221;slider-1&#8243;][\/vc_column][\/vc_row][vc_row equal_height=&#8221;yes&#8221; content_placement=&#8221;middle&#8221; css=&#8221;.vc_custom_1699244640654{margin-bottom: 0px !important;}&#8221;][vc_column width=&#8221;1\/2&#8243; css=&#8221;.vc_custom_1484301231968{padding-top: 0px !important;}&#8221;][vc_single_image image=&#8221;782&#8243; img_size=&#8221;full&#8221;][\/vc_column][vc_column width=&#8221;1\/2&#8243;][vc_column_text css=&#8221;.vc_custom_1694588203565{margin-bottom: 15px !important;}&#8221;]<\/p>\n<h4 style=\"font-size: 42px; text-align: center;\">Mensaje <span class=\"color-primary\">Pastoral<\/span><\/h4>\n<p>[\/vc_column_text][vc_separator border_width=&#8221;2&#8243; el_width=&#8221;10&#8243; css=&#8221;.vc_custom_1484406560339{margin-bottom: 20px !important;}&#8221;][vc_column_text css=&#8221;.vc_custom_1699236886961{margin-bottom: 20px !important;padding-right: 20px !important;padding-left: 20px !important;}&#8221;]<\/p>\n<blockquote>\n<h5 style=\"text-align: center;\"><span class=\"text John-3-16\">Porque de tal manera am\u00f3 Dios al mundo, que ha dado a su Hijo unig\u00e9nito, para que todo aquel que en \u00e9l cree, no se pierda, mas tenga vida eterna.<\/span><span id=\"es-RVR1960-26139\" class=\"text John-3-17\">Porque no envi\u00f3 Dios a su Hijo al mundo para condenar al mundo, sino para que el mundo sea salvo por \u00e9l.<\/span><\/h5>\n<\/blockquote>\n<p>[\/vc_column_text][\/vc_column][\/vc_row][vc_row css=&#8221;.vc_custom_1484225538339{margin-bottom: 8vh !important;}&#8221;][vc_column][\/vc_column][\/vc_row][vc_row][vc_column basel_text_align=&#8221;center&#8221; basel_color_scheme=&#8221;dark&#8221; css=&#8221;.vc_custom_1750113472980{margin-top: 20px !important;margin-bottom: 0px !important;border-bottom-width: 0px !important;padding-bottom: 0px !important;border-radius: 4px !important;}&#8221;][vc_column_text]<\/p>\n<p style=\"color: #1e73be; font-size: 40px; line-height: 30px; text-align: center;\"><strong>HORARIO<br \/>\nDE REUNIONES<\/strong><\/p>\n<p>[\/vc_column_text][\/vc_column][\/vc_row][vc_row full_width=&#8221;stretch_row_content_no_spaces&#8221;][vc_column basel_text_align=&#8221;center&#8221; basel_color_scheme=&#8221;dark&#8221; css=&#8221;.vc_custom_1750113459487{background-color: #1e73be !important;border-radius: 4px !important;}&#8221;][vc_column_text]<\/p>\n<h1 style=\"color: white;\">MARTES: servicio de oraci\u00f3n 7:30 pm<\/h1>\n<h1>MIERCOLES: Servicio de ense\u00f1anza 7:30 pm<\/h1>\n<h1 style=\"color: white;\">VIERNES: servicio de avivamiento 7:30 pm<\/h1>\n<h1>DOMINGO: servicio evangelistico\u00a01:00\u00a0pm<\/h1>\n<p>[\/vc_column_text][\/vc_column][\/vc_row][vc_section full_width=&#8221;stretch_row&#8221; css=&#8221;.vc_custom_1699247805381{margin-bottom: 8vh !important;padding-top: 8vh !important;padding-bottom: 8vh !important;background-color: #f9f9f9 !important;}&#8221; el_id=&#8221;ministerios_section&#8221;][vc_row css=&#8221;.vc_custom_1484586876187{margin-bottom: 0px !important;}&#8221;][vc_column width=&#8221;1\/4&#8243; css=&#8221;.vc_custom_1484301231968{padding-top: 0px !important;}&#8221;][\/vc_column][vc_column width=&#8221;1\/2&#8243;][vc_column_text css=&#8221;.vc_custom_1694588239091{margin-bottom: 15px !important;}&#8221;]<\/p>\n<h4 style=\"font-size: 42px; text-align: center;\"><span class=\"color-primary\">Ministerios<\/span><\/h4>\n<p>[\/vc_column_text][vc_separator border_width=&#8221;2&#8243; el_width=&#8221;10&#8243; css=&#8221;.vc_custom_1484406560339{margin-bottom: 20px !important;}&#8221;][\/vc_column][vc_column width=&#8221;1\/4&#8243;][\/vc_column][\/vc_row][vc_row full_width=&#8221;stretch_row&#8221; css=&#8221;.vc_custom_1484489625487{margin-bottom: 0px !important;}&#8221;][vc_column width=&#8221;1\/3&#8243;]\t\t\t<link rel=\"stylesheet\" id=\"basel-el-info-box-css\" href=\"https:\/\/casadeoracionmahanaim.com\/wp-content\/themes\/basel\/css\/parts\/el-info-box.min.css?ver=5.7.2\" type=\"text\/css\" media=\"all\" \/> \t\t\t\t\t\t<div class=\" basel-info-box2 text-center icon-alignment-top box-style-base color-scheme-dark  \" onclick=\"\">\n\t\t\t\t\t\t\t\t\t<div class=\"box-icon-wrapper\">\n\t\t\t\t\t\t<div class=\"info-box-icon\">\n\t\t\t\t\t\t\t\t\t\t\t\t\t\t\t\t\t\t\t\t\t\t\t\t\t\t<img decoding=\"async\" class=\"info-icon image-1 \" src=\"https:\/\/casadeoracionmahanaim.com\/wp-content\/uploads\/2023\/11\/365643256_6607398769335859_698327600571354061_n-350x200.jpg\" width=\"350\" height=\"200\" alt=\"365643256_6607398769335859_698327600571354061_n\" title=\"365643256_6607398769335859_698327600571354061_n\" loading=\"lazy\" \/>\t\t\t\t\t\t\t\t\t\t\t\t\t\t<\/div>\n\t\t\t\t\t<\/div>\n\t\t\t\t\t\t\t\t<div class=\"info-box-content\">\n\t\t\t\t\t<div class=\"info-box-inner\">\n\t\t\t\t\t\t<\/p>\n<h2>Ministerio de Damas<\/h2>\n<p>Enfocado a ayudar a mujeres necesitadas en diferentes \u00e1reas,<br \/>\nConsejeria, Visita al hogar, Servicio de damas, , Campamento para damas, Oraci\u00f3n de damas, cenas y desayuno de damas,<\/p>\n\t\t\t\t\t<\/div>\n\t\t\t\t<\/div>\n\t\t\t<\/div>\n\t\t[\/vc_column][vc_column width=&#8221;1\/3&#8243;]\t\t\t<div class=\" basel-info-box2 text-center icon-alignment-top box-style-base color-scheme-dark  \" onclick=\"\">\n\t\t\t\t\t\t\t\t\t<div class=\"box-icon-wrapper\">\n\t\t\t\t\t\t<div class=\"info-box-icon\">\n\t\t\t\t\t\t\t\t\t\t\t\t\t\t\t\t\t\t\t\t\t\t\t\t\t\t<img decoding=\"async\" class=\"info-icon image-1 \" src=\"https:\/\/casadeoracionmahanaim.com\/wp-content\/uploads\/2023\/11\/393815753_857978389204190_3678762230739544295_n-350x200.jpg\" width=\"350\" height=\"200\" alt=\"393815753_857978389204190_3678762230739544295_n\" title=\"393815753_857978389204190_3678762230739544295_n\" loading=\"lazy\" \/>\t\t\t\t\t\t\t\t\t\t\t\t\t\t<\/div>\n\t\t\t\t\t<\/div>\n\t\t\t\t\t\t\t\t<div class=\"info-box-content\">\n\t\t\t\t\t<div class=\"info-box-inner\">\n\t\t\t\t\t\t<\/p>\n<h2>Ministerios de caballeros<\/h2>\n<p>Enfocados a ayudar a otros varones en diferentes \u00e1reas<br \/>\nconsejeria, visita al hogar, servicio de caballeros, campamento de caballeros, oraci\u00f3n, confraternizaci\u00f3n entre caballeros en diferentes actividades.<\/p>\n\t\t\t\t\t<\/div>\n\t\t\t\t<\/div>\n\t\t\t<\/div>\n\t\t[\/vc_column][vc_column width=&#8221;1\/3&#8243;]\t\t\t<div class=\" basel-info-box2 text-center icon-alignment-top box-style-base color-scheme-dark  \" onclick=\"\">\n\t\t\t\t\t\t\t\t\t<div class=\"box-icon-wrapper\">\n\t\t\t\t\t\t<div class=\"info-box-icon\">\n\t\t\t\t\t\t\t\t\t\t\t\t\t\t\t\t\t\t\t\t\t\t\t\t\t\t<img decoding=\"async\" class=\"info-icon image-1 \" src=\"https:\/\/casadeoracionmahanaim.com\/wp-content\/uploads\/2023\/11\/131979961_215556740113028_5937522692344658072_n-350x200.jpg\" width=\"350\" height=\"200\" alt=\"131979961_215556740113028_5937522692344658072_n\" title=\"131979961_215556740113028_5937522692344658072_n\" loading=\"lazy\" \/>\t\t\t\t\t\t\t\t\t\t\t\t\t\t<\/div>\n\t\t\t\t\t<\/div>\n\t\t\t\t\t\t\t\t<div class=\"info-box-content\">\n\t\t\t\t\t<div class=\"info-box-inner\">\n\t\t\t\t\t\t<\/p>\n<h2>Ministerio de j\u00f3venes<\/h2>\n<p>Consejeria, visitaciones ,servicios de j\u00f3venes , campamento de j\u00f3venes, oraci\u00f3n de j\u00f3venes, confraternizaci\u00f3n entre otros , j\u00f3venes de iglesias amigas<\/p>\n\t\t\t\t\t<\/div>\n\t\t\t\t<\/div>\n\t\t\t<\/div>\n\t\t[\/vc_column][\/vc_row][vc_row full_width=&#8221;stretch_row&#8221; css=&#8221;.vc_custom_1484489625487{margin-bottom: 0px !important;}&#8221;][vc_column width=&#8221;1\/3&#8243;]\t\t\t<div class=\" basel-info-box2 text-center icon-alignment-top box-style-base color-scheme-dark  \" onclick=\"\">\n\t\t\t\t\t\t\t\t\t<div class=\"box-icon-wrapper\">\n\t\t\t\t\t\t<div class=\"info-box-icon\">\n\t\t\t\t\t\t\t\t\t\t\t\t\t\t\t\t\t\t\t\t\t\t\t\t\t\t<img decoding=\"async\" class=\"info-icon image-1 \" src=\"https:\/\/casadeoracionmahanaim.com\/wp-content\/uploads\/2023\/11\/396216046_857978195870876_1571683847818480115_n-350x200.jpg\" width=\"350\" height=\"200\" alt=\"396216046_857978195870876_1571683847818480115_n\" title=\"396216046_857978195870876_1571683847818480115_n\" loading=\"lazy\" \/>\t\t\t\t\t\t\t\t\t\t\t\t\t\t<\/div>\n\t\t\t\t\t<\/div>\n\t\t\t\t\t\t\t\t<div class=\"info-box-content\">\n\t\t\t\t\t<div class=\"info-box-inner\">\n\t\t\t\t\t\t<\/p>\n<h2>Ministerio alabanza<\/h2>\n<p>Ense\u00f1anza de nuevos m\u00fasicos y cantores, Ensayos semanales, Ayunos, Oraci\u00f3n, enfocado al, cumplimiento de lo dicho por el Se\u00f1or: El Esp\u00edritu de Dios habita en las alabanzas de su pueblo.<\/p>\n\t\t\t\t\t<\/div>\n\t\t\t\t<\/div>\n\t\t\t<\/div>\n\t\t[\/vc_column][vc_column width=&#8221;1\/3&#8243;]\t\t\t<div class=\" basel-info-box2 text-center icon-alignment-top box-style-base color-scheme-dark  \" onclick=\"\">\n\t\t\t\t\t\t\t\t\t<div class=\"box-icon-wrapper\">\n\t\t\t\t\t\t<div class=\"info-box-icon\">\n\t\t\t\t\t\t\t\t\t\t\t\t\t\t\t\t\t\t\t\t\t\t\t\t\t\t<img decoding=\"async\" class=\"info-icon image-1 \" src=\"https:\/\/casadeoracionmahanaim.com\/wp-content\/uploads\/2023\/11\/118333412_167513021584067_2690444737030816992_n-350x200.jpg\" width=\"350\" height=\"200\" alt=\"118333412_167513021584067_2690444737030816992_n\" title=\"118333412_167513021584067_2690444737030816992_n\" loading=\"lazy\" \/>\t\t\t\t\t\t\t\t\t\t\t\t\t\t<\/div>\n\t\t\t\t\t<\/div>\n\t\t\t\t\t\t\t\t<div class=\"info-box-content\">\n\t\t\t\t\t<div class=\"info-box-inner\">\n\t\t\t\t\t\t<\/p>\n<h2>Ministerio de ense\u00f1anza<\/h2>\n<p>Enfocado a la ense\u00f1anza:<br \/>\nAdultos, j\u00f3venes, adolescentes<br \/>\n, intermedios, principiantes.<\/p>\n\t\t\t\t\t<\/div>\n\t\t\t\t<\/div>\n\t\t\t<\/div>\n\t\t[\/vc_column][vc_column width=&#8221;1\/3&#8243;]\t\t\t<div class=\" basel-info-box2 text-center icon-alignment-top box-style-base color-scheme-dark  \" onclick=\"\">\n\t\t\t\t\t\t\t\t\t<div class=\"box-icon-wrapper\">\n\t\t\t\t\t\t<div class=\"info-box-icon\">\n\t\t\t\t\t\t\t\t\t\t\t\t\t\t\t\t\t\t\t\t\t\t\t\t\t\t<img decoding=\"async\" class=\"info-icon image-1 \" src=\"https:\/\/casadeoracionmahanaim.com\/wp-content\/uploads\/2023\/10\/118209590_167513084917394_6244292001670307594_n-350x200.jpg\" width=\"350\" height=\"200\" alt=\"118209590_167513084917394_6244292001670307594_n\" title=\"118209590_167513084917394_6244292001670307594_n\" loading=\"lazy\" \/>\t\t\t\t\t\t\t\t\t\t\t\t\t\t<\/div>\n\t\t\t\t\t<\/div>\n\t\t\t\t\t\t\t\t<div class=\"info-box-content\">\n\t\t\t\t\t<div class=\"info-box-inner\">\n\t\t\t\t\t\t<\/p>\n<h2>Ministerio de di\u00e1conos<\/h2>\n<p>Enfocados a servir en diferentes \u00e1reas en la iglesia, guardando el orden en\u00a0los\u00a0servicios<\/p>\n\t\t\t\t\t<\/div>\n\t\t\t\t<\/div>\n\t\t\t<\/div>\n\t\t[\/vc_column][\/vc_row][\/vc_section]<\/p>\n<\/div>","protected":false},"excerpt":{"rendered":"<p>[vc_row css=&#8221;.vc_custom_1484405682130{margin-top: -40px !important;margin-bottom: 8vh !important;}&#8221;][vc_column][rev_slider_vc alias=&#8221;slider-1&#8243;][\/vc_column][\/vc_row][vc_row equal_height=&#8221;yes&#8221; content_placement=&#8221;middle&#8221; css=&#8221;.vc_custom_1699244640654{margin-bottom: 0px !important;}&#8221;][vc_column width=&#8221;1\/2&#8243; css=&#8221;.vc_custom_1484301231968{padding-top: 0px !important;}&#8221;][vc_single_image image=&#8221;782&#8243; img_size=&#8221;full&#8221;][\/vc_column][vc_column width=&#8221;1\/2&#8243;][vc_column_text css=&#8221;.vc_custom_1694588203565{margin-bottom:<\/p>\n","protected":false},"author":1,"featured_media":0,"parent":0,"menu_order":0,"comment_status":"closed","ping_status":"closed","template":"","meta":{"footnotes":""},"class_list":["post-739","page","type-page","status-publish","hentry"],"_links":{"self":[{"href":"https:\/\/casadeoracionmahanaim.com\/index.php?rest_route=\/wp\/v2\/pages\/739","targetHints":{"allow":["GET"]}}],"collection":[{"href":"https:\/\/casadeoracionmahanaim.com\/index.php?rest_route=\/wp\/v2\/pages"}],"about":[{"href":"https:\/\/casadeoracionmahanaim.com\/index.php?rest_route=\/wp\/v2\/types\/page"}],"author":[{"embeddable":true,"href":"https:\/\/casadeoracionmahanaim.com\/index.php?rest_route=\/wp\/v2\/users\/1"}],"replies":[{"embeddable":true,"href":"https:\/\/casadeoracionmahanaim.com\/index.php?rest_route=%2Fwp%2Fv2%2Fcomments&post=739"}],"version-history":[{"count":31,"href":"https:\/\/casadeoracionmahanaim.com\/index.php?rest_route=\/wp\/v2\/pages\/739\/revisions"}],"predecessor-version":[{"id":1113,"href":"https:\/\/casadeoracionmahanaim.com\/index.php?rest_route=\/wp\/v2\/pages\/739\/revisions\/1113"}],"wp:attachment":[{"href":"https:\/\/casadeoracionmahanaim.com\/index.php?rest_route=%2Fwp%2Fv2%2Fmedia&parent=739"}],"curies":[{"name":"wp","href":"https:\/\/api.w.org\/{rel}","templated":true}]}}