{"id":762,"date":"2023-10-16T03:21:31","date_gmt":"2023-10-16T03:21:31","guid":{"rendered":"https:\/\/casadeoracionmahanaim.com\/?page_id=762"},"modified":"2023-11-20T01:53:10","modified_gmt":"2023-11-20T01:53:10","slug":"mision-de-la-iglesia","status":"publish","type":"page","link":"https:\/\/casadeoracionmahanaim.com\/?page_id=762","title":{"rendered":"Misi\u00f3n de nuestra iglesia"},"content":{"rendered":"<div class=\"wpb-content-wrapper\"><p>[vc_section][vc_row][vc_column width=&#8221;1\/6&#8243;][\/vc_column][vc_column width=&#8221;2\/3&#8243;][vc_column_text]<\/p>\n<h3 style=\"text-align: center; color: #0772ce;\">NUESTRA RAZ\u00d3N DE SER<\/h3>\n<p>[\/vc_column_text][vc_column_text]<\/p>\n<h5 style=\"text-align: center;\">Ser una iglesia llena del poder de Dios y ser de bendici\u00f3n a todas las familias de nuestra comunidad, sus alrededores y hasta donde el Se\u00f1or Jesuscristo nos permita llegar.<\/h5>\n<p>[\/vc_column_text][\/vc_column][vc_column width=&#8221;1\/6&#8243;][\/vc_column][\/vc_row][\/vc_section][vc_row][vc_column][vc_column_text]<\/p>\n<h4 style=\"text-align: center; color: #0772ce;\">\u00bfC\u00d3MO LO HAREMOS?<\/h4>\n<p>[\/vc_column_text][\/vc_column][\/vc_row][vc_row][vc_column width=&#8221;1\/4&#8243;][vc_single_image image=&#8221;767&#8243; img_size=&#8221;300&#215;200&#8243; alignment=&#8221;center&#8221;][vc_column_text]<\/p>\n<p style=\"text-align: center;\">Que los feligreses alcancen un crecimiento espiritual, ministerial, familiar y economico.<\/p>\n<p>[\/vc_column_text][\/vc_column][vc_column width=&#8221;1\/4&#8243;][vc_single_image image=&#8221;768&#8243; img_size=&#8221;300&#215;200&#8243; alignment=&#8221;center&#8221;][vc_column_text]<\/p>\n<p style=\"text-align: center;\">Alcanzar las almas necesitadas de salvaci\u00f3n, liberaci\u00f3n y sanidad.<\/p>\n<p>[\/vc_column_text][\/vc_column][vc_column width=&#8221;1\/4&#8243;][vc_single_image image=&#8221;769&#8243; img_size=&#8221;300&#215;200&#8243; alignment=&#8221;center&#8221;][vc_column_text]<\/p>\n<p style=\"text-align: center;\">Crear un Instituto Biblico con preparaci\u00f3n ministerial, con el fin de preparar obreros para alcanzar los pueblos vecinos y establecer nuevas obras.<\/p>\n<p>[\/vc_column_text][\/vc_column][vc_column width=&#8221;1\/4&#8243;][vc_single_image image=&#8221;770&#8243; img_size=&#8221;300X200&#8243; alignment=&#8221;center&#8221;][vc_column_text]<\/p>\n<p style=\"text-align: center;\">Establecer vias para la evangelizaci\u00f3n de nuestras comunidades como: Radio, Televisi\u00f3n, Redes Sociales, C\u00e9lulas, visitas a hospitales, c\u00e1rceles y hogares.<\/p>\n<p>[\/vc_column_text][\/vc_column][\/vc_row]<\/p>\n<\/div>","protected":false},"excerpt":{"rendered":"<p>[vc_section][vc_row][vc_column width=&#8221;1\/6&#8243;][\/vc_column][vc_column width=&#8221;2\/3&#8243;][vc_column_text] NUESTRA RAZ\u00d3N DE SER [\/vc_column_text][vc_column_text] Ser una iglesia llena del poder de Dios y ser de bendici\u00f3n<\/p>\n","protected":false},"author":1,"featured_media":0,"parent":0,"menu_order":0,"comment_status":"closed","ping_status":"closed","template":"","meta":{"footnotes":""},"class_list":["post-762","page","type-page","status-publish","hentry"],"_links":{"self":[{"href":"https:\/\/casadeoracionmahanaim.com\/index.php?rest_route=\/wp\/v2\/pages\/762","targetHints":{"allow":["GET"]}}],"collection":[{"href":"https:\/\/casadeoracionmahanaim.com\/index.php?rest_route=\/wp\/v2\/pages"}],"about":[{"href":"https:\/\/casadeoracionmahanaim.com\/index.php?rest_route=\/wp\/v2\/types\/page"}],"author":[{"embeddable":true,"href":"https:\/\/casadeoracionmahanaim.com\/index.php?rest_route=\/wp\/v2\/users\/1"}],"replies":[{"embeddable":true,"href":"https:\/\/casadeoracionmahanaim.com\/index.php?rest_route=%2Fwp%2Fv2%2Fcomments&post=762"}],"version-history":[{"count":5,"href":"https:\/\/casadeoracionmahanaim.com\/index.php?rest_route=\/wp\/v2\/pages\/762\/revisions"}],"predecessor-version":[{"id":880,"href":"https:\/\/casadeoracionmahanaim.com\/index.php?rest_route=\/wp\/v2\/pages\/762\/revisions\/880"}],"wp:attachment":[{"href":"https:\/\/casadeoracionmahanaim.com\/index.php?rest_route=%2Fwp%2Fv2%2Fmedia&parent=762"}],"curies":[{"name":"wp","href":"https:\/\/api.w.org\/{rel}","templated":true}]}}